{"id":1083,"date":"2022-05-23T07:44:40","date_gmt":"2022-05-23T07:44:40","guid":{"rendered":"https:\/\/www.pou-upa-vodnjan.com\/chi-siamo\/"},"modified":"2022-06-01T07:42:48","modified_gmt":"2022-06-01T07:42:48","slug":"chi-siamo","status":"publish","type":"page","link":"https:\/\/www.pou-upa-vodnjan.com\/it\/chi-siamo\/","title":{"rendered":"CHI SIAMO"},"content":{"rendered":"<p>[et_pb_section fb_built=&#8221;1&#8243; custom_padding_last_edited=&#8221;on|phone&#8221; _builder_version=&#8221;4.17.4&#8243; _module_preset=&#8221;default&#8221; use_background_color_gradient=&#8221;on&#8221; background_color_gradient_stops=&#8221;rgba(0,0,0,0.5) 0%|rgba(0,0,0,0.5) 100%&#8221; background_color_gradient_overlays_image=&#8221;on&#8221; background_image=&#8221;https:\/\/www.pou-upa-vodnjan.com\/wp-content\/uploads\/2022\/05\/POU-UPA-VODNJAN.jpg&#8221; height=&#8221;50vh&#8221; height_tablet=&#8221;40vh&#8221; height_phone=&#8221;30vh&#8221; height_last_edited=&#8221;on|phone&#8221; custom_padding=&#8221;||||false|false&#8221; custom_padding_tablet=&#8221;||||false|false&#8221; custom_padding_phone=&#8221;||||false|false&#8221; hover_enabled=&#8221;0&#8243; custom_css_main_element=&#8221;display:flex;&#8221; border_radii=&#8221;off||||&#8221; global_colors_info=&#8221;{}&#8221; title_text=&#8221;POU-UPA VODNJAN&#8221; sticky_enabled=&#8221;0&#8243;][et_pb_row _builder_version=&#8221;4.17.4&#8243; _module_preset=&#8221;default&#8221; global_colors_info=&#8221;{}&#8221;][et_pb_column type=&#8221;4_4&#8243; _builder_version=&#8221;4.17.4&#8243; _module_preset=&#8221;default&#8221; global_colors_info=&#8221;{}&#8221;][et_pb_text _builder_version=&#8221;4.17.4&#8243; _module_preset=&#8221;default&#8221; text_text_color=&#8221;#FFFFFF&#8221; text_font_size=&#8221;1.5vw&#8221; header_2_font=&#8221;|800||on|||||&#8221; header_2_text_align=&#8221;center&#8221; header_2_text_color=&#8221;#FFFFFF&#8221; header_2_font_size=&#8221;3.5vw&#8221; text_orientation=&#8221;center&#8221; custom_padding=&#8221;||||false|false&#8221; custom_padding_tablet=&#8221;||||false|false&#8221; custom_padding_phone=&#8221;10vw||||false|false&#8221; custom_padding_last_edited=&#8221;on|phone&#8221; animation_style=&#8221;fade&#8221; header_2_font_size_tablet=&#8221;5vw&#8221; header_2_font_size_phone=&#8221;6vw&#8221; header_2_font_size_last_edited=&#8221;on|desktop&#8221; global_colors_info=&#8221;{}&#8221;]<\/p>\n<h2>CHI SIAMO<\/h2>\n<p>[\/et_pb_text][\/et_pb_column][\/et_pb_row][\/et_pb_section][et_pb_section fb_built=&#8221;1&#8243; _builder_version=&#8221;4.17.4&#8243; _module_preset=&#8221;default&#8221; global_colors_info=&#8221;{}&#8221;][et_pb_row _builder_version=&#8221;4.17.4&#8243; _module_preset=&#8221;default&#8221; global_colors_info=&#8221;{}&#8221;][et_pb_column type=&#8221;4_4&#8243; _builder_version=&#8221;4.17.4&#8243; _module_preset=&#8221;default&#8221; global_colors_info=&#8221;{}&#8221;][et_pb_text _builder_version=&#8221;4.17.4&#8243; _module_preset=&#8221;default&#8221; text_text_color=&#8221;rgba(0,0,0,0.8)&#8221; text_font_size=&#8221;16px&#8221; header_2_font=&#8221;|||on|||||&#8221; header_2_text_align=&#8221;left&#8221; header_2_text_color=&#8221;rgba(0,0,0,0.8)&#8221; header_2_font_size=&#8221;2.5vw&#8221; animation_style=&#8221;fade&#8221; text_font_size_tablet=&#8221;16px&#8221; text_font_size_phone=&#8221;14px&#8221; text_font_size_last_edited=&#8221;on|phone&#8221; header_2_font_size_tablet=&#8221;5vw&#8221; header_2_font_size_phone=&#8221;7vw&#8221; header_2_font_size_last_edited=&#8221;on|phone&#8221; global_colors_info=&#8221;{}&#8221;]<\/p>\n<p><strong>La POU-UPA \u201cVodnjan-Dignano\u201d \u00e8 un\u2019istituzione pubblica per l\u2019educazione permanente, la cultura e l\u2019informazione.<\/strong><\/p>\n<p>[\/et_pb_text][\/et_pb_column][\/et_pb_row][et_pb_row column_structure=&#8221;1_2,1_2&#8243; _builder_version=&#8221;4.17.4&#8243; _module_preset=&#8221;default&#8221; global_colors_info=&#8221;{}&#8221;][et_pb_column type=&#8221;1_2&#8243; _builder_version=&#8221;4.17.4&#8243; _module_preset=&#8221;default&#8221; global_colors_info=&#8221;{}&#8221;][et_pb_text _builder_version=&#8221;4.17.4&#8243; _module_preset=&#8221;default&#8221; text_text_color=&#8221;rgba(0,0,0,0.8)&#8221; text_font_size=&#8221;16px&#8221; header_2_font=&#8221;|||on|||||&#8221; header_2_text_align=&#8221;left&#8221; header_2_text_color=&#8221;rgba(0,0,0,0.8)&#8221; header_2_font_size=&#8221;2.5vw&#8221; animation_style=&#8221;fade&#8221; text_font_size_tablet=&#8221;16px&#8221; text_font_size_phone=&#8221;14px&#8221; text_font_size_last_edited=&#8221;on|phone&#8221; header_2_font_size_tablet=&#8221;5vw&#8221; header_2_font_size_phone=&#8221;7vw&#8221; header_2_font_size_last_edited=&#8221;on|phone&#8221; global_colors_info=&#8221;{}&#8221;]<\/p>\n<h2>Missione<\/h2>\n<p>L\u2019obiettivo dell\u2019UPA \u00e8 di contribuire allo sviluppo intellettuale, sociale e generale del territorio fornendo servizi educativi di alta qualit\u00e0, programmi culturali e di intrattenimento.<\/p>\n<p>[\/et_pb_text][\/et_pb_column][et_pb_column type=&#8221;1_2&#8243; _builder_version=&#8221;4.17.4&#8243; _module_preset=&#8221;default&#8221; global_colors_info=&#8221;{}&#8221;][et_pb_text _builder_version=&#8221;4.17.4&#8243; _module_preset=&#8221;default&#8221; text_text_color=&#8221;rgba(0,0,0,0.8)&#8221; text_font_size=&#8221;16px&#8221; header_2_font=&#8221;|||on|||||&#8221; header_2_text_align=&#8221;left&#8221; header_2_text_color=&#8221;rgba(0,0,0,0.8)&#8221; header_2_font_size=&#8221;2.5vw&#8221; animation_style=&#8221;fade&#8221; text_font_size_tablet=&#8221;16px&#8221; text_font_size_phone=&#8221;14px&#8221; text_font_size_last_edited=&#8221;on|phone&#8221; header_2_font_size_tablet=&#8221;5vw&#8221; header_2_font_size_phone=&#8221;7vw&#8221; header_2_font_size_last_edited=&#8221;on|phone&#8221; global_colors_info=&#8221;{}&#8221;]<\/p>\n<h2>Visione<\/h2>\n<p>La visione \u00e8 quella di diventare un moderno centro di attivit\u00e0 educative, culturali e di intrattenimento di alta qualit\u00e0, con piena soddisfazione di tutti gli utenti.<\/p>\n<p>[\/et_pb_text][\/et_pb_column][\/et_pb_row][et_pb_row _builder_version=&#8221;4.17.4&#8243; _module_preset=&#8221;default&#8221; global_colors_info=&#8221;{}&#8221;][et_pb_column type=&#8221;4_4&#8243; _builder_version=&#8221;4.17.4&#8243; _module_preset=&#8221;default&#8221; global_colors_info=&#8221;{}&#8221;][et_pb_text _builder_version=&#8221;4.17.4&#8243; _module_preset=&#8221;default&#8221; text_text_color=&#8221;rgba(0,0,0,0.8)&#8221; text_font_size=&#8221;16px&#8221; header_2_font=&#8221;|||on|||||&#8221; header_2_text_align=&#8221;left&#8221; header_2_text_color=&#8221;rgba(0,0,0,0.8)&#8221; header_2_font_size=&#8221;2.5vw&#8221; animation_style=&#8221;fade&#8221; text_font_size_tablet=&#8221;16px&#8221; text_font_size_phone=&#8221;14px&#8221; text_font_size_last_edited=&#8221;on|phone&#8221; header_2_font_size_tablet=&#8221;5vw&#8221; header_2_font_size_phone=&#8221;7vw&#8221; header_2_font_size_last_edited=&#8221;on|phone&#8221; global_colors_info=&#8221;{}&#8221;]<\/p>\n<p><strong>Gli obiettivi che si vogliono raggiungere mediante le attivit\u00e0 e che sono diretti alla realizzazione della visione dell\u2019Universit\u00e0 sono<\/strong><\/p>\n<p>&#8211; essere un\u2019istituzione che offre programmi educativi e culturali di qualit\u00e0<br \/>&#8211; realizzare programmi di alto valore<br \/>&#8211; contribuire all\u2019educazione professionale delle risorse umane<\/p>\n<p>[\/et_pb_text][\/et_pb_column][\/et_pb_row][et_pb_row _builder_version=&#8221;4.17.4&#8243; _module_preset=&#8221;default&#8221; global_colors_info=&#8221;{}&#8221;][et_pb_column type=&#8221;4_4&#8243; _builder_version=&#8221;4.17.4&#8243; _module_preset=&#8221;default&#8221; global_colors_info=&#8221;{}&#8221;][et_pb_image src=&#8221;https:\/\/www.pou-upa-vodnjan.com\/wp-content\/uploads\/2022\/05\/Palaca-Portarol.jpg&#8221; align=&#8221;center&#8221; _builder_version=&#8221;4.17.4&#8243; _module_preset=&#8221;default&#8221; animation_style=&#8221;fade&#8221; global_colors_info=&#8221;{}&#8221;][\/et_pb_image][\/et_pb_column][\/et_pb_row][\/et_pb_section]<\/p>\n","protected":false},"excerpt":{"rendered":"<p>CHI SIAMOLa POU-UPA \u201cVodnjan-Dignano\u201d \u00e8 un\u2019istituzione pubblica per l\u2019educazione permanente, la cultura e l\u2019informazione.Missione L\u2019obiettivo dell\u2019UPA \u00e8 di contribuire allo sviluppo intellettuale, sociale e generale del territorio fornendo servizi educativi di alta qualit\u00e0, programmi culturali e di intrattenimento.Visione La visione \u00e8 quella di diventare un moderno centro di attivit\u00e0 educative, culturali e di intrattenimento di [&hellip;]<\/p>\n","protected":false},"author":1,"featured_media":0,"parent":0,"menu_order":0,"comment_status":"closed","ping_status":"closed","template":"","meta":{"_et_pb_use_builder":"on","_et_pb_old_content":"","_et_gb_content_width":"","footnotes":""},"class_list":["post-1083","page","type-page","status-publish","hentry"],"_links":{"self":[{"href":"https:\/\/www.pou-upa-vodnjan.com\/it\/wp-json\/wp\/v2\/pages\/1083","targetHints":{"allow":["GET"]}}],"collection":[{"href":"https:\/\/www.pou-upa-vodnjan.com\/it\/wp-json\/wp\/v2\/pages"}],"about":[{"href":"https:\/\/www.pou-upa-vodnjan.com\/it\/wp-json\/wp\/v2\/types\/page"}],"author":[{"embeddable":true,"href":"https:\/\/www.pou-upa-vodnjan.com\/it\/wp-json\/wp\/v2\/users\/1"}],"replies":[{"embeddable":true,"href":"https:\/\/www.pou-upa-vodnjan.com\/it\/wp-json\/wp\/v2\/comments?post=1083"}],"version-history":[{"count":2,"href":"https:\/\/www.pou-upa-vodnjan.com\/it\/wp-json\/wp\/v2\/pages\/1083\/revisions"}],"predecessor-version":[{"id":1085,"href":"https:\/\/www.pou-upa-vodnjan.com\/it\/wp-json\/wp\/v2\/pages\/1083\/revisions\/1085"}],"wp:attachment":[{"href":"https:\/\/www.pou-upa-vodnjan.com\/it\/wp-json\/wp\/v2\/media?parent=1083"}],"curies":[{"name":"wp","href":"https:\/\/api.w.org\/{rel}","templated":true}]}}